{"id":4824,"date":"2024-09-06T11:30:34","date_gmt":"2024-09-06T11:30:34","guid":{"rendered":"https:\/\/mejiatiradodev.wpenginepowered.com\/?page_id=4824"},"modified":"2025-01-21T19:27:43","modified_gmt":"2025-01-21T19:27:43","slug":"politica-privacidad","status":"publish","type":"page","link":"https:\/\/mejiatirado.com\/es\/politica-privacidad\/","title":{"rendered":"Pol\u00edtica de Privacidad"},"content":{"rendered":"<div class=\"fusion-fullwidth fullwidth-box fusion-builder-row-1 fusion-flex-container has-pattern-background has-mask-background nonhundred-percent-fullwidth non-hundred-percent-height-scrolling\" style=\"--awb-border-radius-top-left:0px;--awb-border-radius-top-right:0px;--awb-border-radius-bottom-right:0px;--awb-border-radius-bottom-left:0px;--awb-margin-bottom:120px;--awb-flex-wrap:wrap;\" ><div class=\"fusion-builder-row fusion-row fusion-flex-align-items-flex-start fusion-flex-content-wrap\" style=\"max-width:1372.8px;margin-left: calc(-4% \/ 2 );margin-right: calc(-4% \/ 2 );\"><div class=\"fusion-layout-column fusion_builder_column fusion-builder-column-0 fusion_builder_column_1_1 1_1 fusion-flex-column\" style=\"--awb-padding-right:20px;--awb-bg-size:cover;--awb-width-large:100%;--awb-margin-top-large:0px;--awb-spacing-right-large:1.92%;--awb-margin-bottom-large:0px;--awb-spacing-left-large:1.92%;--awb-width-medium:100%;--awb-order-medium:0;--awb-spacing-right-medium:1.92%;--awb-spacing-left-medium:1.92%;--awb-width-small:100%;--awb-order-small:0;--awb-spacing-right-small:1.92%;--awb-margin-bottom-small:60px;--awb-spacing-left-small:1.92%;\" data-motion-effects=\"[{&quot;type&quot;:&quot;scroll&quot;,&quot;scroll_direction&quot;:&quot;down&quot;,&quot;end_element&quot;:&quot;center&quot;,&quot;end_viewport&quot;:&quot;center&quot;}]\" data-scroll-devices=\"medium-visibility,large-visibility\"><div class=\"fusion-column-wrapper fusion-column-has-shadow fusion-flex-justify-content-flex-start fusion-content-layout-column\"><div class=\"fusion-text fusion-text-1 fusion-text-no-margin\" style=\"--awb-margin-bottom:15px;\"><p>Efectivo en : 9\/6\/2024<\/p>\n<\/div><div class=\"fusion-text fusion-text-2 fusion-text-no-margin\" style=\"--awb-margin-bottom:15px;\"><p>En <strong>Mej\u00eda Tirado Servicios Contables y Tributarios<\/strong>, su privacidad es nuestra m\u00e1xima prioridad. Esta Pol\u00edtica de Privacidad describe c\u00f3mo recopilamos, utilizamos y protegemos su informaci\u00f3n personal cuando visita nuestro sitio web, <a href=\"https:\/\/mejitatirado.com\/\">https:\/\/mejitatirado.com\/<\/a>. Al acceder o utilizar nuestro sitio, usted acepta los t\u00e9rminos de esta Pol\u00edtica de Privacidad.<\/p>\n<\/div><div class=\"fusion-separator fusion-full-width-sep\" style=\"align-self: center;margin-left: auto;margin-right: auto;margin-top:20px;width:100%;\"><div class=\"fusion-separator-border sep-double\" style=\"--awb-height:20px;--awb-amount:20px;border-color:var(--awb-color3);border-top-width:0px;border-bottom-width:0px;\"><\/div><\/div><div class=\"fusion-title title fusion-title-1 fusion-sep-none fusion-title-text fusion-title-size-three\"><h3 class=\"fusion-title-heading title-heading-left\" style=\"margin:0;\">1. Informaci\u00f3n que colectamos<\/h3><\/div><div class=\"fusion-text fusion-text-3\" style=\"--awb-margin-top:5px;\"><p>Recopilamos informaci\u00f3n de varias maneras para brindarle la mejor experiencia posible:<\/p>\n<ul>\n<li><strong>Informaci\u00f3n Personal<\/strong>: Cuando se comunica con nosotros a trav\u00e9s de nuestros formularios, solicita servicios o interact\u00faa con nosotros, podemos recopilar informaci\u00f3n personal como su nombre, direcci\u00f3n de correo electr\u00f3nico, n\u00famero de tel\u00e9fono y otros detalles relevantes.<\/li>\n<li><strong>Datos de Uso<\/strong>: Podemos recopilar datos no personales relacionados con su interacci\u00f3n con nuestro sitio web, como su direcci\u00f3n IP, tipo de navegador, p\u00e1ginas visitadas y el tiempo que pasa en nuestro sitio.<\/li>\n<li><strong>Cookies<\/strong>: Utilizamos cookies y tecnolog\u00edas de seguimiento similares para mejorar su experiencia en nuestro sitio web. Puede ajustar la configuraci\u00f3n de su navegador para rechazar las cookies; sin embargo, esto podr\u00eda afectar ciertas funciones de nuestro sitio.<\/li>\n<\/ul>\n<\/div><div class=\"fusion-separator fusion-full-width-sep\" style=\"align-self: center;margin-left: auto;margin-right: auto;margin-top:20px;width:100%;\"><div class=\"fusion-separator-border sep-double\" style=\"--awb-height:20px;--awb-amount:20px;border-color:var(--awb-color3);border-top-width:0px;border-bottom-width:0px;\"><\/div><\/div><div class=\"fusion-title title fusion-title-2 fusion-sep-none fusion-title-text fusion-title-size-three\"><h3 class=\"fusion-title-heading title-heading-left\" style=\"margin:0;\">2. C\u00f3mo usamos esta informaci\u00f3n<\/h3><\/div><div class=\"fusion-text fusion-text-4\" style=\"--awb-margin-top:5px;\"><p>Utilizamos la informaci\u00f3n recopilada para:<\/p>\n<ul>\n<li>Responder a sus consultas y proporcionar los servicios solicitados.<\/li>\n<li>Mejorar la funcionalidad de nuestro sitio web y la experiencia del usuario.<\/li>\n<li>Enviar actualizaciones, boletines informativos o materiales promocionales (con su consentimiento).<\/li>\n<li>Analizar el rendimiento y uso del sitio web para optimizar el contenido.<\/li>\n<\/ul>\n<\/div><div class=\"fusion-separator fusion-full-width-sep\" style=\"align-self: center;margin-left: auto;margin-right: auto;margin-top:20px;width:100%;\"><div class=\"fusion-separator-border sep-double\" style=\"--awb-height:20px;--awb-amount:20px;border-color:var(--awb-color3);border-top-width:0px;border-bottom-width:0px;\"><\/div><\/div><div class=\"fusion-title title fusion-title-3 fusion-sep-none fusion-title-text fusion-title-size-three\"><h3 class=\"fusion-title-heading title-heading-left\" style=\"margin:0;\">3. C\u00f3mo protegemos tu informaci\u00f3n<\/h3><\/div><div class=\"fusion-text fusion-text-5\" style=\"--awb-margin-top:5px;\"><p>Implementamos medidas de seguridad est\u00e1ndar en la industria para proteger su informaci\u00f3n personal. Sin embargo, tenga en cuenta que ning\u00fan m\u00e9todo de transmisi\u00f3n en l\u00ednea o almacenamiento electr\u00f3nico es 100% seguro. Aunque nos esforzamos por proteger sus datos, no podemos garantizar su seguridad absoluta.<\/p>\n<\/div><div class=\"fusion-separator fusion-full-width-sep\" style=\"align-self: center;margin-left: auto;margin-right: auto;margin-top:20px;width:100%;\"><div class=\"fusion-separator-border sep-double\" style=\"--awb-height:20px;--awb-amount:20px;border-color:var(--awb-color3);border-top-width:0px;border-bottom-width:0px;\"><\/div><\/div><div class=\"fusion-title title fusion-title-4 fusion-sep-none fusion-title-text fusion-title-size-three\"><h3 class=\"fusion-title-heading title-heading-left\" style=\"margin:0;\">4. Compartir su informaci\u00f3n<\/h3><\/div><div class=\"fusion-text fusion-text-6\" style=\"--awb-margin-top:5px;\"><p>No vendemos, alquilamos ni intercambiamos su informaci\u00f3n personal. Podemos compartir su informaci\u00f3n en las siguientes situaciones:<\/p>\n<ul>\n<li><strong>Proveedores de Servicios<\/strong>: Podemos compartir datos con proveedores de servicios externos que nos ayudan a operar nuestro negocio o a brindarle servicios, pero est\u00e1n obligados a mantener la confidencialidad.<\/li>\n<li><strong>Requisitos Legales<\/strong>: Podemos divulgar su informaci\u00f3n si es requerido por la ley o en respuesta a procesos legales v\u00e1lidos.<\/li>\n<\/ul>\n<\/div><div class=\"fusion-separator fusion-full-width-sep\" style=\"align-self: center;margin-left: auto;margin-right: auto;margin-top:20px;width:100%;\"><div class=\"fusion-separator-border sep-double\" style=\"--awb-height:20px;--awb-amount:20px;border-color:var(--awb-color3);border-top-width:0px;border-bottom-width:0px;\"><\/div><\/div><div class=\"fusion-title title fusion-title-5 fusion-sep-none fusion-title-text fusion-title-size-three\"><h3 class=\"fusion-title-heading title-heading-left\" style=\"margin:0;\">5. Enlances de terceros<\/h3><\/div><div class=\"fusion-text fusion-text-7\" style=\"--awb-margin-top:5px;\"><p>Nuestro sitio web puede contener enlaces a sitios web de terceros. No somos responsables de las pr\u00e1cticas de privacidad ni del contenido de estos sitios externos. Recomendamos revisar las pol\u00edticas de privacidad de dichos sitios antes de compartir informaci\u00f3n personal.<\/p>\n<\/div><div class=\"fusion-separator fusion-full-width-sep\" style=\"align-self: center;margin-left: auto;margin-right: auto;margin-top:20px;width:100%;\"><div class=\"fusion-separator-border sep-double\" style=\"--awb-height:20px;--awb-amount:20px;border-color:var(--awb-color3);border-top-width:0px;border-bottom-width:0px;\"><\/div><\/div><div class=\"fusion-title title fusion-title-6 fusion-sep-none fusion-title-text fusion-title-size-three\"><h3 class=\"fusion-title-heading title-heading-left\" style=\"margin:0;\">6. Tus derechos<\/h3><\/div><div class=\"fusion-text fusion-text-8\" style=\"--awb-margin-top:5px;\"><p>Usted tiene el derecho de acceder, corregir o eliminar su informaci\u00f3n personal en cualquier momento. Si desea realizar cambios en sus datos o solicitar su eliminaci\u00f3n, por favor cont\u00e1ctenos utilizando la informaci\u00f3n proporcionada a continuaci\u00f3n.<\/p>\n<\/div><div class=\"fusion-separator fusion-full-width-sep\" style=\"align-self: center;margin-left: auto;margin-right: auto;margin-top:20px;width:100%;\"><div class=\"fusion-separator-border sep-double\" style=\"--awb-height:20px;--awb-amount:20px;border-color:var(--awb-color3);border-top-width:0px;border-bottom-width:0px;\"><\/div><\/div><div class=\"fusion-title title fusion-title-7 fusion-sep-none fusion-title-text fusion-title-size-three\"><h3 class=\"fusion-title-heading title-heading-left\" style=\"margin:0;\">7. Cambios a estas pol\u00edticas<\/h3><\/div><div class=\"fusion-text fusion-text-9\" style=\"--awb-margin-top:5px;\"><p>Podemos actualizar esta Pol\u00edtica de Privacidad peri\u00f3dicamente. Cualquier cambio se publicar\u00e1 en esta p\u00e1gina con una \u00abFecha de Vigencia\u00bb actualizada en la parte superior. Le recomendamos revisar esta pol\u00edtica con regularidad.<\/p>\n<\/div><div class=\"fusion-separator fusion-full-width-sep\" style=\"align-self: center;margin-left: auto;margin-right: auto;margin-top:20px;width:100%;\"><div class=\"fusion-separator-border sep-double\" style=\"--awb-height:20px;--awb-amount:20px;border-color:var(--awb-color3);border-top-width:0px;border-bottom-width:0px;\"><\/div><\/div><div class=\"fusion-title title fusion-title-8 fusion-sep-none fusion-title-text fusion-title-size-three\"><h3 class=\"fusion-title-heading title-heading-left\" style=\"margin:0;\">8. Cont\u00e1ctenos<\/h3><\/div><div class=\"fusion-text fusion-text-10\" style=\"--awb-margin-top:5px;\"><p>Si tiene alguna pregunta o inquietud sobre esta Pol\u00edtica de Privacidad o sobre c\u00f3mo se maneja su informaci\u00f3n, por favor cont\u00e1ctenos en:<\/p>\n<p><strong>Mejia Tirado<\/strong><br \/>\n4470 Broadway, Nueva York, NY 10040<br \/>\ninfo@mejiatirado.com<br \/>\n(212) 569-0811<\/p>\n<\/div><\/div><\/div><\/div><\/div>\n","protected":false},"excerpt":{"rendered":"","protected":false},"author":1,"featured_media":0,"parent":0,"menu_order":0,"comment_status":"closed","ping_status":"closed","template":"100-width.php","meta":{"footnotes":""},"class_list":["post-4824","page","type-page","status-publish","hentry"],"yoast_head":"<!-- This site is optimized with the Yoast SEO plugin v26.4 - https:\/\/yoast.com\/wordpress\/plugins\/seo\/ -->\n<title>Pol\u00edtica de Privacidad - Mejia Tirado &amp; Associates<\/title>\n<meta name=\"robots\" content=\"index, follow, max-snippet:-1, max-image-preview:large, max-video-preview:-1\" \/>\n<link rel=\"canonical\" href=\"https:\/\/mejiatirado.com\/es\/politica-privacidad\/\" \/>\n<meta property=\"og:locale\" content=\"es_ES\" \/>\n<meta property=\"og:type\" content=\"article\" \/>\n<meta property=\"og:title\" content=\"Pol\u00edtica de Privacidad - Mejia Tirado &amp; Associates\" \/>\n<meta property=\"og:url\" content=\"https:\/\/mejiatirado.com\/es\/politica-privacidad\/\" \/>\n<meta property=\"og:site_name\" content=\"Mejia Tirado &amp; Associates\" \/>\n<meta property=\"article:modified_time\" content=\"2025-01-21T19:27:43+00:00\" \/>\n<meta property=\"og:image\" content=\"https:\/\/mejiatirado.com\/wp-content\/uploads\/2025\/01\/mejia-tirado-seo-large-1.jpg\" \/>\n\t<meta property=\"og:image:width\" content=\"400\" \/>\n\t<meta property=\"og:image:height\" content=\"400\" \/>\n\t<meta property=\"og:image:type\" content=\"image\/jpeg\" \/>\n<meta name=\"twitter:card\" content=\"summary_large_image\" \/>\n<meta name=\"twitter:label1\" content=\"Est. reading time\" \/>\n\t<meta name=\"twitter:data1\" content=\"3 minutos\" \/>\n<script type=\"application\/ld+json\" class=\"yoast-schema-graph\">{\"@context\":\"https:\/\/schema.org\",\"@graph\":[{\"@type\":\"WebPage\",\"@id\":\"https:\/\/mejiatirado.com\/es\/politica-privacidad\/\",\"url\":\"https:\/\/mejiatirado.com\/es\/politica-privacidad\/\",\"name\":\"Pol\u00edtica de Privacidad - Mejia Tirado &amp; Associates\",\"isPartOf\":{\"@id\":\"https:\/\/lawyers.pixlgraphx.com\/#website\"},\"datePublished\":\"2024-09-06T11:30:34+00:00\",\"dateModified\":\"2025-01-21T19:27:43+00:00\",\"breadcrumb\":{\"@id\":\"https:\/\/mejiatirado.com\/es\/politica-privacidad\/#breadcrumb\"},\"inLanguage\":\"es\",\"potentialAction\":[{\"@type\":\"ReadAction\",\"target\":[\"https:\/\/mejiatirado.com\/es\/politica-privacidad\/\"]}]},{\"@type\":\"BreadcrumbList\",\"@id\":\"https:\/\/mejiatirado.com\/es\/politica-privacidad\/#breadcrumb\",\"itemListElement\":[{\"@type\":\"ListItem\",\"position\":1,\"name\":\"Home\",\"item\":\"https:\/\/mejiatirado.com\/es\/\"},{\"@type\":\"ListItem\",\"position\":2,\"name\":\"Pol\u00edtica de Privacidad\"}]},{\"@type\":\"WebSite\",\"@id\":\"https:\/\/lawyers.pixlgraphx.com\/#website\",\"url\":\"https:\/\/lawyers.pixlgraphx.com\/\",\"name\":\"Mejia Tirado & Associates\",\"description\":\"Accounting &amp; Tax Services\",\"publisher\":{\"@id\":\"https:\/\/lawyers.pixlgraphx.com\/#organization\"},\"potentialAction\":[{\"@type\":\"SearchAction\",\"target\":{\"@type\":\"EntryPoint\",\"urlTemplate\":\"https:\/\/lawyers.pixlgraphx.com\/?s={search_term_string}\"},\"query-input\":{\"@type\":\"PropertyValueSpecification\",\"valueRequired\":true,\"valueName\":\"search_term_string\"}}],\"inLanguage\":\"es\"},{\"@type\":\"Organization\",\"@id\":\"https:\/\/lawyers.pixlgraphx.com\/#organization\",\"name\":\"Mejia Tirado & Associates\",\"url\":\"https:\/\/lawyers.pixlgraphx.com\/\",\"logo\":{\"@type\":\"ImageObject\",\"inLanguage\":\"es\",\"@id\":\"https:\/\/lawyers.pixlgraphx.com\/#\/schema\/logo\/image\/\",\"url\":\"https:\/\/mejiatirado.com\/wp-content\/uploads\/2025\/01\/mejia-tirado-seo.jpg\",\"contentUrl\":\"https:\/\/mejiatirado.com\/wp-content\/uploads\/2025\/01\/mejia-tirado-seo.jpg\",\"width\":200,\"height\":200,\"caption\":\"Mejia Tirado & Associates\"},\"image\":{\"@id\":\"https:\/\/lawyers.pixlgraphx.com\/#\/schema\/logo\/image\/\"},\"sameAs\":[\"https:\/\/www.instagram.com\/mejiatiradotax_\/\"]}]}<\/script>\n<!-- \/ Yoast SEO plugin. -->","yoast_head_json":{"title":"Pol\u00edtica de Privacidad - Mejia Tirado &amp; Associates","robots":{"index":"index","follow":"follow","max-snippet":"max-snippet:-1","max-image-preview":"max-image-preview:large","max-video-preview":"max-video-preview:-1"},"canonical":"https:\/\/mejiatirado.com\/es\/politica-privacidad\/","og_locale":"es_ES","og_type":"article","og_title":"Pol\u00edtica de Privacidad - Mejia Tirado &amp; Associates","og_url":"https:\/\/mejiatirado.com\/es\/politica-privacidad\/","og_site_name":"Mejia Tirado &amp; Associates","article_modified_time":"2025-01-21T19:27:43+00:00","og_image":[{"width":400,"height":400,"url":"https:\/\/mejiatirado.com\/wp-content\/uploads\/2025\/01\/mejia-tirado-seo-large-1.jpg","type":"image\/jpeg"}],"twitter_card":"summary_large_image","twitter_misc":{"Est. reading time":"3 minutos"},"schema":{"@context":"https:\/\/schema.org","@graph":[{"@type":"WebPage","@id":"https:\/\/mejiatirado.com\/es\/politica-privacidad\/","url":"https:\/\/mejiatirado.com\/es\/politica-privacidad\/","name":"Pol\u00edtica de Privacidad - Mejia Tirado &amp; Associates","isPartOf":{"@id":"https:\/\/lawyers.pixlgraphx.com\/#website"},"datePublished":"2024-09-06T11:30:34+00:00","dateModified":"2025-01-21T19:27:43+00:00","breadcrumb":{"@id":"https:\/\/mejiatirado.com\/es\/politica-privacidad\/#breadcrumb"},"inLanguage":"es","potentialAction":[{"@type":"ReadAction","target":["https:\/\/mejiatirado.com\/es\/politica-privacidad\/"]}]},{"@type":"BreadcrumbList","@id":"https:\/\/mejiatirado.com\/es\/politica-privacidad\/#breadcrumb","itemListElement":[{"@type":"ListItem","position":1,"name":"Home","item":"https:\/\/mejiatirado.com\/es\/"},{"@type":"ListItem","position":2,"name":"Pol\u00edtica de Privacidad"}]},{"@type":"WebSite","@id":"https:\/\/lawyers.pixlgraphx.com\/#website","url":"https:\/\/lawyers.pixlgraphx.com\/","name":"Mejia Tirado & Associates","description":"Accounting &amp; Tax Services","publisher":{"@id":"https:\/\/lawyers.pixlgraphx.com\/#organization"},"potentialAction":[{"@type":"SearchAction","target":{"@type":"EntryPoint","urlTemplate":"https:\/\/lawyers.pixlgraphx.com\/?s={search_term_string}"},"query-input":{"@type":"PropertyValueSpecification","valueRequired":true,"valueName":"search_term_string"}}],"inLanguage":"es"},{"@type":"Organization","@id":"https:\/\/lawyers.pixlgraphx.com\/#organization","name":"Mejia Tirado & Associates","url":"https:\/\/lawyers.pixlgraphx.com\/","logo":{"@type":"ImageObject","inLanguage":"es","@id":"https:\/\/lawyers.pixlgraphx.com\/#\/schema\/logo\/image\/","url":"https:\/\/mejiatirado.com\/wp-content\/uploads\/2025\/01\/mejia-tirado-seo.jpg","contentUrl":"https:\/\/mejiatirado.com\/wp-content\/uploads\/2025\/01\/mejia-tirado-seo.jpg","width":200,"height":200,"caption":"Mejia Tirado & Associates"},"image":{"@id":"https:\/\/lawyers.pixlgraphx.com\/#\/schema\/logo\/image\/"},"sameAs":["https:\/\/www.instagram.com\/mejiatiradotax_\/"]}]}},"_links":{"self":[{"href":"https:\/\/mejiatirado.com\/es\/wp-json\/wp\/v2\/pages\/4824","targetHints":{"allow":["GET"]}}],"collection":[{"href":"https:\/\/mejiatirado.com\/es\/wp-json\/wp\/v2\/pages"}],"about":[{"href":"https:\/\/mejiatirado.com\/es\/wp-json\/wp\/v2\/types\/page"}],"author":[{"embeddable":true,"href":"https:\/\/mejiatirado.com\/es\/wp-json\/wp\/v2\/users\/1"}],"replies":[{"embeddable":true,"href":"https:\/\/mejiatirado.com\/es\/wp-json\/wp\/v2\/comments?post=4824"}],"version-history":[{"count":0,"href":"https:\/\/mejiatirado.com\/es\/wp-json\/wp\/v2\/pages\/4824\/revisions"}],"wp:attachment":[{"href":"https:\/\/mejiatirado.com\/es\/wp-json\/wp\/v2\/media?parent=4824"}],"curies":[{"name":"wp","href":"https:\/\/api.w.org\/{rel}","templated":true}]}}